{"id":5065,"date":"2024-08-20T00:40:16","date_gmt":"2024-08-20T00:40:16","guid":{"rendered":"https:\/\/njesada.com\/?page_id=5065"},"modified":"2024-11-07T12:09:00","modified_gmt":"2024-11-07T12:09:00","slug":"become-a-volunteer","status":"publish","type":"page","link":"https:\/\/njesada.com\/accueil\/become-a-volunteer\/","title":{"rendered":"Devenir B\u00e9n\u00e9vole"},"content":{"rendered":"\t\t<div data-elementor-type=\"wp-page\" data-elementor-id=\"5065\" class=\"elementor elementor-5065\" data-elementor-post-type=\"page\">\n\t\t\t\t\t\t<section class=\"elementor-section elementor-top-section elementor-element elementor-element-51b77e40 elementor-section-height-min-height elementor-section-boxed elementor-section-height-default elementor-section-items-middle\" data-id=\"51b77e40\" data-element_type=\"section\" data-settings=\"{&quot;background_background&quot;:&quot;classic&quot;}\">\n\t\t\t\t\t\t\t<div class=\"elementor-background-overlay\"><\/div>\n\t\t\t\t\t\t\t<div class=\"elementor-container elementor-column-gap-default\">\n\t\t\t\t\t<div class=\"elementor-column elementor-col-100 elementor-top-column elementor-element elementor-element-51cd5fd1\" data-id=\"51cd5fd1\" data-element_type=\"column\">\n\t\t\t<div class=\"elementor-widget-wrap elementor-element-populated\">\n\t\t\t\t\t\t<div class=\"elementor-element elementor-element-5ff6c161 elementor-widget elementor-widget-elementskit-heading\" data-id=\"5ff6c161\" data-element_type=\"widget\" data-widget_type=\"elementskit-heading.default\">\n\t\t\t\t<div class=\"elementor-widget-container\">\n\t\t\t\t\t<div class=\"ekit-wid-con\" ><div class=\"ekit-heading elementskit-section-title-wraper text_center   ekit_heading_tablet-   ekit_heading_mobile-\"><h1 class=\"ekit-heading--title elementskit-section-title \">Devenez <span><span>Volontaire<\/span><\/span><\/h1><div class=\"ekit_heading_separetor_wraper ekit_heading_elementskit-border-divider\"><div class=\"elementskit-border-divider\"><\/div><\/div><\/div><\/div>\t\t\t\t<\/div>\n\t\t\t\t<\/div>\n\t\t\t\t\t<\/div>\n\t\t<\/div>\n\t\t\t\t\t<\/div>\n\t\t<\/section>\n\t\t\t\t<section class=\"elementor-section elementor-top-section elementor-element elementor-element-923c5e3 elementor-section-boxed elementor-section-height-default elementor-section-height-default\" data-id=\"923c5e3\" data-element_type=\"section\">\n\t\t\t\t\t\t<div class=\"elementor-container elementor-column-gap-default\">\n\t\t\t\t\t<div class=\"elementor-column elementor-col-100 elementor-top-column elementor-element elementor-element-62f7802\" data-id=\"62f7802\" data-element_type=\"column\">\n\t\t\t<div class=\"elementor-widget-wrap elementor-element-populated\">\n\t\t\t\t\t\t<div class=\"elementor-element elementor-element-17599bc astute-star-rating--align-center elementor-widget elementor-widget-witr_section_title\" data-id=\"17599bc\" data-element_type=\"widget\" data-widget_type=\"witr_section_title.default\">\n\t\t\t\t<div class=\"elementor-widget-container\">\n\t\t\t\t\t\t\t\t\t\t<!-- title left -->\n\t\t\t\t\t<div class=\"witr_section_title\">\n\t\t\t\t\t\t<div class=\"witr_section_title_inner text-left\">\n\t\t\t\t\t\t\n\t\t\t\t\t\t\t<!-- icon position -->\n\t\t\t\t\t\t\t\t\n\t\t\t\t\t\t\t<!-- end icon position -->\n\t\t\t\t\t\t\n\t\t\t\t\t\t\n\t\t\t\t\t\t\t<!-- title top -->\n\t\t\t\t\t\t\t\n\t\t\t\t\t\t\t<!-- icon position -->\n\t\t\t\t\t\t\t\t\n\t\t\t\t\t\t\t<!-- end icon position -->\n\n\t\t\t\t\t\t\t\n\t\t\t\t\t\t\t<!-- title middle -->\n\t\t\t\t\t\t\t\t\t\t\t\t\t\t\t<h3>Nous avons besoin de vous ! Rejoignez-nous aujourd'hui et faites la diff\u00e9rence<\/h3>\t\t\n\t\t\t\t\t\t\t\t\t\t\t\t\t\t<!-- title bottom -->\n\t\t\t\t\t\t\t\t\t\t\t\t\t\t\n\t\t\t\t\t\t\t<!-- icon position -->\n\t\t\t\t\t\t\t\t\t\t\t\t\t\t\n\t\t\t\t\t\t\t<!-- image -->\n\t\t\t\t\t\t\t\t\t\t\t\t\t\t<!-- icon -->\n\t\t\t\t\t\t\t\t\t\t\t\t\t\t\n\t\t\t\t\t\t\t<!-- bar -->\n\t\t\t\t\t\t\t\t\t\t\t\t\t\t\n\t\t\t\t\t\t\t\t<div class=\"witr_bar_main\">\n\t\t\t\t\t\t\t\t\t<div class=\"witr_bar_inner\">\n\t\t\t\t\t\t\t\t\t<\/div>\n\t\t\t\t\t\t\t\t<\/div>\n\t\t\t\t\t\t\t\t\t\t\t\t\t\t<!-- circle bar -->\n\t\t\t\t\t\t\t\t\t\t\t\t\t\t\n\t\t\t\t\t\t\t\t\n\t\t\t\t\t\t\t<!-- end icon position -->\n\n\t\t\t\t\t\t\t<!-- content -->\n\t\t\t\t\t\t\t\t\t\t\t\t\t<\/div>\n\t\t\t\t\t\t\t<!-- inner title -->\n\t\t\t\t\t\t\t\t\t\t\t\t\t\n\t\t\t\t\t<\/div>\t\t\t\t\n\t\t\t\t\t\t\t\t<\/div>\n\t\t\t\t<\/div>\n\t\t\t\t\t<\/div>\n\t\t<\/div>\n\t\t\t\t\t<\/div>\n\t\t<\/section>\n\t\t\t\t<section class=\"elementor-section elementor-top-section elementor-element elementor-element-17bc890 elementor-section-boxed elementor-section-height-default elementor-section-height-default\" data-id=\"17bc890\" data-element_type=\"section\">\n\t\t\t\t\t\t<div class=\"elementor-container elementor-column-gap-default\">\n\t\t\t\t\t<div class=\"elementor-column elementor-col-50 elementor-top-column elementor-element elementor-element-e816a12\" data-id=\"e816a12\" data-element_type=\"column\">\n\t\t\t<div class=\"elementor-widget-wrap elementor-element-populated\">\n\t\t\t\t\t\t<div class=\"elementor-element elementor-element-1dcfb97 elementor-widget elementor-widget-text-editor\" data-id=\"1dcfb97\" data-element_type=\"widget\" data-widget_type=\"text-editor.default\">\n\t\t\t\t<div class=\"elementor-widget-container\">\n\t\t\t\t\t\t\t\t\t<p>Nous avons besoin de vous ! Rejoignez-nous aujourd&#8217;hui et ensemble, nous pourrons transformer notre pays, notre continent et notre monde. Ambitieux ? Absolument, mais avec nos efforts combin\u00e9s, tout est possible.<\/p>\t\t\t\t\t\t\t\t<\/div>\n\t\t\t\t<\/div>\n\t\t\t\t<div class=\"elementor-element elementor-element-5f321d9 elementor-widget elementor-widget-eael-creative-button\" data-id=\"5f321d9\" data-element_type=\"widget\" data-widget_type=\"eael-creative-button.default\">\n\t\t\t\t<div class=\"elementor-widget-container\">\n\t\t\t\t\t        <div class=\"eael-creative-button-wrapper\">\n\n            <a class=\"eael-creative-button eael-creative-button--rayen\" href=\"https:\/\/docs.google.com\/forms\/d\/e\/1FAIpQLSc_-7yybxRayXoCczvW2Poyt9JHypx7F3JChmDqAGeahDP0UA\/viewform\" target=\"_blank\" data-text=\"Nous rejoindre\" rel=\"nofollow noopener\">\n\n\t    \n                <div class=\"creative-button-inner\">\n\n                    \n                    <span class=\"cretive-button-text\">Adh\u00e9rez<\/span>\n\n                                    <\/div>\n\t                        <\/a>\n        <\/div>\n        \t\t\t\t<\/div>\n\t\t\t\t<\/div>\n\t\t\t\t<div class=\"elementor-element elementor-element-d068177 elementor-widget elementor-widget-html\" data-id=\"d068177\" data-element_type=\"widget\" data-widget_type=\"html.default\">\n\t\t\t\t<div class=\"elementor-widget-container\">\n\t\t\t\t\t<style>\r\n   \/* CSS for the form *\/\r\n   .btn.btn-Form {\r\n       background-color: #EB1B2B; \/* Sets the original background color *\/\r\n       color: #FFFFFF; \/* Sets the original text color *\/\r\n       box-shadow: none; \/* Removes any shadow effect *\/\r\n       cursor: pointer; \/* Ensures the cursor changes to a pointer *\/\r\n       transition: none; \/* Disables any transition effects *\/\r\n       border: none; \/* Removes any border effect *\/\r\n       margin: 0; \/* Ensures there's no extra margin *\/\r\n       padding: 0.5rem 2.1rem; \/* Ensures there's proper padding *\/\r\n   }\r\n\r\n   .btn.btn-Form:hover {\r\n       background-color: #000062; \/* Keeps the original background color *\/\r\n       color: #FFFFFF; \/* Keeps the original text color *\/\r\n       box-shadow: none; \/* Removes any shadow effect *\/\r\n       cursor: pointer; \/* Ensures the cursor changes to a pointer *\/\r\n       transition: background-color 0.3s ease, color 0.3s ease; \/* Adds smooth transition *\/\r\n       border: none; \/* Removes any border effect *\/\r\n       margin: 0; \/* Ensures there's no extra margin *\/\r\n       padding: 0.5rem 2.1rem; \/* Ensures there's proper padding *\/\r\n   }\r\n<\/style>\r\n\t\t\t\t<\/div>\n\t\t\t\t<\/div>\n\t\t\t\t\t<\/div>\n\t\t<\/div>\n\t\t\t\t<div class=\"elementor-column elementor-col-50 elementor-top-column elementor-element elementor-element-b0a9a75\" data-id=\"b0a9a75\" data-element_type=\"column\">\n\t\t\t<div class=\"elementor-widget-wrap elementor-element-populated\">\n\t\t\t\t\t\t<div class=\"elementor-element elementor-element-fe08edb elementor-widget elementor-widget-image\" data-id=\"fe08edb\" data-element_type=\"widget\" data-widget_type=\"image.default\">\n\t\t\t\t<div class=\"elementor-widget-container\">\n\t\t\t\t\t\t\t\t\t\t\t\t\t\t\t<img fetchpriority=\"high\" decoding=\"async\" width=\"1024\" height=\"1024\" src=\"https:\/\/njesada.com\/wp-content\/uploads\/2024\/08\/logo_full_2.jpg\" class=\"attachment-large size-large wp-image-4186\" alt=\"\" srcset=\"https:\/\/njesada.com\/wp-content\/uploads\/2024\/08\/logo_full_2.jpg 1280w, https:\/\/njesada.com\/wp-content\/uploads\/2024\/08\/logo_full_2-800x800.jpg 800w, https:\/\/njesada.com\/wp-content\/uploads\/2024\/08\/logo_full_2-100x100.jpg 100w, https:\/\/njesada.com\/wp-content\/uploads\/2024\/08\/elementor\/thumbs\/logo_full_2-qskv5q5ilhan5zysat3yjar0hsxmq3s0lxmqutsggs.jpg 150w\" sizes=\"(max-width: 1024px) 100vw, 1024px\">\t\t\t\t\t\t\t\t\t\t\t\t\t\t\t<\/div>\n\t\t\t\t<\/div>\n\t\t\t\t\t<\/div>\n\t\t<\/div>\n\t\t\t\t\t<\/div>\n\t\t<\/section>\n\t\t\t\t<section class=\"elementor-section elementor-top-section elementor-element elementor-element-c19be2b elementor-section-boxed elementor-section-height-default elementor-section-height-default\" data-id=\"c19be2b\" data-element_type=\"section\">\n\t\t\t\t\t\t<div class=\"elementor-container elementor-column-gap-default\">\n\t\t\t\t\t<div class=\"elementor-column elementor-col-100 elementor-top-column elementor-element elementor-element-5039a03\" data-id=\"5039a03\" data-element_type=\"column\">\n\t\t\t<div class=\"elementor-widget-wrap elementor-element-populated\">\n\t\t\t\t\t\t<div class=\"elementor-element elementor-element-ef544ba elementor-widget elementor-widget-eael-creative-button\" data-id=\"ef544ba\" data-element_type=\"widget\" data-widget_type=\"eael-creative-button.default\">\n\t\t\t\t<div class=\"elementor-widget-container\">\n\t\t\t\t\t        <div class=\"eael-creative-button-wrapper\">\n\n            <a class=\"eael-creative-button eael-creative-button--rayen\" href=\"https:\/\/app.transformateurstchad.africa\/app\/accueil\" target=\"_blank\" data-text=\"Nous rejoindre\" rel=\"nofollow noopener\">\n\n\t    \n                <div class=\"creative-button-inner\">\n\n                    \n                    <span class=\"cretive-button-text\">Acc\u00e9der au site du parti<\/span>\n\n                                    <\/div>\n\t                        <\/a>\n        <\/div>\n        \t\t\t\t<\/div>\n\t\t\t\t<\/div>\n\t\t\t\t\t<\/div>\n\t\t<\/div>\n\t\t\t\t\t<\/div>\n\t\t<\/section>\n\t\t\t\t<section class=\"elementor-section elementor-top-section elementor-element elementor-element-b818ff1 elementor-section-boxed elementor-section-height-default elementor-section-height-default\" data-id=\"b818ff1\" data-element_type=\"section\" data-settings=\"{&quot;background_background&quot;:&quot;classic&quot;}\">\n\t\t\t\t\t\t\t<div class=\"elementor-background-overlay\"><\/div>\n\t\t\t\t\t\t\t<div class=\"elementor-container elementor-column-gap-default\">\n\t\t\t\t\t<div class=\"elementor-column elementor-col-100 elementor-top-column elementor-element elementor-element-5b40ed1\" data-id=\"5b40ed1\" data-element_type=\"column\">\n\t\t\t<div class=\"elementor-widget-wrap elementor-element-populated\">\n\t\t\t\t\t\t<section class=\"elementor-section elementor-inner-section elementor-element elementor-element-3e0751b elementor-section-boxed elementor-section-height-default elementor-section-height-default\" data-id=\"3e0751b\" data-element_type=\"section\">\n\t\t\t\t\t\t\t<div class=\"elementor-background-overlay\"><\/div>\n\t\t\t\t\t\t\t<div class=\"elementor-container elementor-column-gap-default\">\n\t\t\t\t\t<div class=\"elementor-column elementor-col-100 elementor-inner-column elementor-element elementor-element-01c26ec\" data-id=\"01c26ec\" data-element_type=\"column\" data-settings=\"{&quot;background_background&quot;:&quot;classic&quot;}\">\n\t\t\t<div class=\"elementor-widget-wrap elementor-element-populated\">\n\t\t\t\t\t<div class=\"elementor-background-overlay\"><\/div>\n\t\t\t\t\t\t<div class=\"elementor-element elementor-element-d1689bd elementor-align-center elementor-widget elementor-widget-lottie\" data-id=\"d1689bd\" data-element_type=\"widget\" data-settings=\"{&quot;source_json&quot;:{&quot;url&quot;:&quot;https:\\\/\\\/njesada.com\\\/wp-content\\\/uploads\\\/2024\\\/08\\\/Animation-1724003789593.json&quot;,&quot;id&quot;:4738,&quot;size&quot;:&quot;&quot;,&quot;alt&quot;:&quot;&quot;,&quot;source&quot;:&quot;library&quot;},&quot;loop&quot;:&quot;yes&quot;,&quot;source&quot;:&quot;media_file&quot;,&quot;caption_source&quot;:&quot;none&quot;,&quot;link_to&quot;:&quot;none&quot;,&quot;trigger&quot;:&quot;arriving_to_viewport&quot;,&quot;viewport&quot;:{&quot;unit&quot;:&quot;%&quot;,&quot;size&quot;:&quot;&quot;,&quot;sizes&quot;:{&quot;start&quot;:0,&quot;end&quot;:100}},&quot;play_speed&quot;:{&quot;unit&quot;:&quot;px&quot;,&quot;size&quot;:1,&quot;sizes&quot;:[]},&quot;start_point&quot;:{&quot;unit&quot;:&quot;%&quot;,&quot;size&quot;:0,&quot;sizes&quot;:[]},&quot;end_point&quot;:{&quot;unit&quot;:&quot;%&quot;,&quot;size&quot;:100,&quot;sizes&quot;:[]},&quot;renderer&quot;:&quot;svg&quot;}\" data-widget_type=\"lottie.default\">\n\t\t\t\t<div class=\"elementor-widget-container\">\n\t\t\t\t\t<div class=\"e-lottie__container\"><div class=\"e-lottie__animation\"><\/div><\/div>\t\t\t\t<\/div>\n\t\t\t\t<\/div>\n\t\t\t\t<div class=\"elementor-element elementor-element-bd3b48d astute-star-rating--align-center elementor-widget elementor-widget-witr_section_title\" data-id=\"bd3b48d\" data-element_type=\"widget\" data-widget_type=\"witr_section_title.default\">\n\t\t\t\t<div class=\"elementor-widget-container\">\n\t\t\t\t\t\t\t\t\t\t\t\t\n\t\t\t\t\t<!-- title right -->\n\t\t\t\t\t<div class=\"witr_section_title\">\n\t\t\t\t\t<div class=\"row\">\n\t\t\t\t\t\t<div class=\"col-lg-8 col-md-8 col-sm-12\">\n\t\t\t\t\t\t\t<div class=\"witr_section_title_inner text-left\">\n\t\t\t\t\t\t\t\t<!-- title top -->\n\t\t\t\t\t\t\t\t\t\t\t\t\t\t\n\t\t\t\t\t\t\t\t<!-- title middle -->\n\t\t\t\t\t\t\t\t\t\t\t\t\t\t\t\t\t<h3>Rejoignez-nous sur Facebook<\/h3>\t\t\n\t\t\t\t\t\t\t\t\t\t\t\t\t\t\t\t<!-- title bottom -->\n\t\t\t\t\t\t\t\t\t\t\t\t\t\t\t\t\t<h1><span>Rester connect\u00e9<\/span>, <span>Rester inform\u00e9<\/span><\/h1>\t\t\n\t\t\t\t\t\t\t\t\t\t\t\t\t\t\t\t\t<!-- image -->\n\t\t\t\t\t\t\t\t\t\t\n\t\t\t\t\t\t\t\t\n\t\t\t\t\t\t\t\t<!-- icon -->\n\t\t\t\t\t\t\t\t\t\t\t\t\t\n\t\t\t\t\t\t\t\t<!-- bar -->\n\t\t\t\t\t\t\t\t\t\t\t\t\t\t\t\n\t\t\t\t\t\t\t\t\t<div class=\"witr_bar_main\">\n\t\t\t\t\t\t\t\t\t\t<div class=\"witr_bar_inner\">\n\t\t\t\t\t\t\t\t\t\t<\/div>\n\t\t\t\t\t\t\t\t\t<\/div>\n\t\t\t\t\t\t\t\t\t\t\t\t\t\t\t\n\t\t\t\t\t\t\t<!-- circle bar -->\n\t\t\t\t\t\t\t\n\t\t\t\t\t\t\t\t\n\t\t\t\t\t\t\t\t<!-- content -->\n\t\t\t\t\t\t\t\t\t\t\t\t\t\t\t<\/div>\n\t\t\t\t\t\t<\/div>\n\t\t\t\t\t\t<div class=\"col-lg-4 col-md-4 col-sm-12\">\t\n\t\t\t\t\t\t\t<!-- button -->\n\t\t\t\t\t\t\t\t\t\t\t\t\t\t\t<div class=\"title_btn text-right\">\n\t\t\t\t\t\t\t\t<a href=\"https:\/\/www.facebook.com\/transtchad\" rel=\"nofollow noopener\" target=\"_blank\">Nous rejoindre<\/a>\n\t\t\t\t\t\t\t\t<\/div>\n\t\t\t\t\t\t\t\t\n\t\t\t\t\t\t<\/div>\t\n\t\t\t\t\t\t\t<!-- inner title -->\n\t\t\t\t\t\t\t\t\t\t\t\t\t\n\t\t\t\t\t<\/div>\t\t\t\t\t\t\t\n\t\t\t\t\t<\/div>\t\t\t\t\n\t\t\t\t\t\n\t\t\t\t\t\t\t\t<\/div>\n\t\t\t\t<\/div>\n\t\t\t\t\t<\/div>\n\t\t<\/div>\n\t\t\t\t\t<\/div>\n\t\t<\/section>\n\t\t\t\t\t<\/div>\n\t\t<\/div>\n\t\t\t\t\t<\/div>\n\t\t<\/section>\n\t\t\t\t<\/div>\n\t\t","protected":false},"excerpt":{"rendered":"<p>Devenez Volontaire Nous avons besoin de vous ! Rejoignez-nous aujourd&#8217;hui et faites la diff\u00e9rence Nous avons besoin de vous ! Rejoignez-nous aujourd&#8217;hui et ensemble, nous pourrons transformer notre pays, notre continent et notre monde. Ambitieux ? Absolument, mais avec nos efforts combin\u00e9s, tout est possible. Adh\u00e9rez Acc\u00e9der au site du parti Rejoignez-nous sur Facebook Rester [&hellip;]<\/p>\n","protected":false},"author":1,"featured_media":5593,"parent":0,"menu_order":0,"comment_status":"closed","ping_status":"closed","template":"","meta":{"footnotes":""},"class_list":["post-5065","page","type-page","status-publish","has-post-thumbnail","hentry"],"_links":{"self":[{"href":"https:\/\/njesada.com\/accueil\/wp-json\/wp\/v2\/pages\/5065","targetHints":{"allow":["GET"]}}],"collection":[{"href":"https:\/\/njesada.com\/accueil\/wp-json\/wp\/v2\/pages"}],"about":[{"href":"https:\/\/njesada.com\/accueil\/wp-json\/wp\/v2\/types\/page"}],"author":[{"embeddable":true,"href":"https:\/\/njesada.com\/accueil\/wp-json\/wp\/v2\/users\/1"}],"replies":[{"embeddable":true,"href":"https:\/\/njesada.com\/accueil\/wp-json\/wp\/v2\/comments?post=5065"}],"version-history":[{"count":79,"href":"https:\/\/njesada.com\/accueil\/wp-json\/wp\/v2\/pages\/5065\/revisions"}],"predecessor-version":[{"id":6234,"href":"https:\/\/njesada.com\/accueil\/wp-json\/wp\/v2\/pages\/5065\/revisions\/6234"}],"wp:featuredmedia":[{"embeddable":true,"href":"https:\/\/njesada.com\/accueil\/wp-json\/wp\/v2\/media\/5593"}],"wp:attachment":[{"href":"https:\/\/njesada.com\/accueil\/wp-json\/wp\/v2\/media?parent=5065"}],"curies":[{"name":"wp","href":"https:\/\/api.w.org\/{rel}","templated":true}]}}